{"id":6766,"date":"2023-07-13T16:54:29","date_gmt":"2023-07-13T14:54:29","guid":{"rendered":"https:\/\/belaircamping.com\/legale-erwaehnungen\/"},"modified":"2024-02-26T16:19:03","modified_gmt":"2024-02-26T15:19:03","slug":"legale-erwaehnungen","status":"publish","type":"page","link":"https:\/\/belaircamping.com\/de\/legale-erwaehnungen\/","title":{"rendered":"Rechtliche Hinweise"},"content":{"rendered":"\n<div class=\"wp-block-group is-layout-constrained wp-container-core-group-is-layout-9ff30091 wp-block-group-is-layout-constrained\" style=\"margin-top:var(--wp--preset--spacing--80);margin-bottom:var(--wp--preset--spacing--80);padding-top:var(--wp--preset--spacing--60);padding-bottom:var(--wp--preset--spacing--60)\">\n<h1 class=\"wp-block-heading alignwide has-text-align-center has-link-color-color has-text-color has-x-large-font-size\" style=\"margin-top:var(--wp--preset--spacing--60);margin-right:var(--wp--preset--spacing--60);margin-bottom:var(--wp--preset--spacing--60);margin-left:var(--wp--preset--spacing--60);padding-top:var(--wp--preset--spacing--60);padding-right:var(--wp--preset--spacing--60);padding-bottom:var(--wp--preset--spacing--60);padding-left:var(--wp--preset--spacing--60);text-transform:capitalize\">Rechtliche Hinweise<\/h1>\n\n\n\n<p class=\"has-text-align-center\">Sehen Sie sich im Folgenden die rechtlichen Hinweise der Website unseres Camping an.<\/p>\n\n\n\n<h2 class=\"wp-block-heading has-text-align-center\">HERAUSGEBER DER WEBSITE<\/h2>\n\n\n\n<p class=\"has-text-align-center\">Unternehmen: SAS BEL AIR LAND (DOMAINE DE BEL AIR)<br\/>SIRET-Nummer: 447 852 856 00015<br\/>SIREN: 447852856<br\/>APE-Code: 5530Z<br\/>Adresse: K\u00e9ridreuff 29710 LANDUDEC<br\/>E-Mail: <a href=\"mailto:%72%65%63%65%70%74%69%6f%6e.%62%65%6c%61%69%72@%6f%72%61%6e%67%65.%66%72\">reception.belair@orange.fr<\/a><br\/>Verantwortlich f\u00fcr die Ver\u00f6ffentlichung: Herr Lisa VAN BREE<\/p>\n\n\n\n<h2 class=\"wp-block-heading has-text-align-center\">REALISIERUNG<\/h2>\n\n\n\n<p class=\"has-text-align-center\"><strong>GEEK TONIC<\/strong>, vertreten durch Herrn Yohan Darmayan in seiner Eigenschaft als Gesch\u00e4ftsf\u00fchrer<br\/>Hauptsitz: 50 Avenue du Lac Marion 64200 Biarritz<br\/>Tel: 05 32 74 11 52<br\/>E-Mail: support@geek-tonic.com<br\/>Website: <a href=\"https:\/\/www.geek-tonic.com\/\" target=\"_blank\" rel=\"noreferrer noopener\">www.geek-tonic.com<\/a><br\/>SIRET: 89746755100015<br\/>APE: 6201Z<\/p>\n\n\n\n<h2 class=\"wp-block-heading has-text-align-center\">URHEBERRECHT UND URHEBERRECHT<\/h2>\n\n\n\n<p class=\"has-text-align-center\">Der gesamte Inhalt dieser Website unterliegt dem Urheberrecht sowie dem geistigen Eigentum der franz\u00f6sischen Gesetzgebung.<br\/>Jegliche Vervielf\u00e4ltigung (einschlie\u00dflich Fotos, Icons und herunterladbarer Dokumente) ist ohne vorherige Zustimmung von GEEK TONIC untersagt.<br\/>Die Vervielf\u00e4ltigung der gesamten oder eines Teils der Website auf einem elektronischen Datentr\u00e4ger in einem Papier- oder elektronischen Format ist untersagt.<br\/>GEEK TONIC \u00fcbernimmt keine Verantwortung f\u00fcr den Inhalt auf der Website.<br\/>GEEK TONIC \u00fcbernimmt auch keine Verantwortung f\u00fcr externe Links, die auf die vorliegende Seite verweisen.<\/p>\n\n\n\n<h2 class=\"wp-block-heading has-text-align-center\">PERS\u00d6NLICHE DATEN UND NAMENTLICHE INFORMATIONEN<\/h2>\n\n\n\n<p class=\"has-text-align-center\">Sie haben ein Recht auf Zugang, \u00c4nderung, Berichtigung und L\u00f6schung der Sie betreffenden Daten gem\u00e4\u00df Artikel 34 des Gesetzes &#8222;Informatique et Libert\u00e9s&#8220; Nr. 78-17 vom 6. Januar 1978, ge\u00e4ndert am 6. August 2018.<br\/>Um dieses Recht auf Zugang zu entfalten, k\u00f6nnen Sie dies durch eine einfache schriftliche Anfrage an den Herausgeber der Website tun.<\/p>\n\n\n\n<h2 class=\"wp-block-heading has-text-align-center\">LEGISLATION<\/h2>\n\n\n\n<p class=\"has-text-align-center\">Gem\u00e4\u00df dem Gesetz vom 11. M\u00e4rz 1957 (Art. 41) und dem Gesetz \u00fcber geistiges Eigentum vom 1. Juli 1992 ist es verboten, einen Teil der Website ohne vorherige Genehmigung des Herausgebers der Website teilweise oder vollst\u00e4ndig zu reproduzieren.<br\/>Logos, Visualisierungen, Fotos, Videos, Grafikcharts und Texte sind Eigentum ihrer jeweiligen Besitzer.<br\/>Diese Website kann ohne ihr Wissen mit anderen Websites \u00fcber Hypermedia-Links verbunden worden sein. Der Herausgeber der Website \u00fcbernimmt keine Verantwortung f\u00fcr die Informationen, die auf diesen anderen Websites dargestellt werden.<br\/>Der Internetnutzer erkennt an, dass die Nutzung dieser Website dem franz\u00f6sischen Recht unterliegt.<\/p>\n<\/div>\n","protected":false},"excerpt":{"rendered":"<p>Rechtliche Hinweise Sehen Sie sich im Folgenden die rechtlichen Hinweise der Website unseres Camping an. HERAUSGEBER DER WEBSITE Unternehmen: SAS BEL AIR LAND (DOMAINE DE BEL AIR)SIRET-Nummer: 447 852 856 00015SIREN: 447852856APE-Code: 5530ZAdresse: K\u00e9ridreuff 29710 LANDUDECE-Mail: reception.belair@orange.frVerantwortlich f\u00fcr die Ver\u00f6ffentlichung: Herr Lisa VAN BREE REALISIERUNG GEEK TONIC, vertreten durch Herrn Yohan Darmayan in seiner Eigenschaft [&hellip;]<\/p>\n","protected":false},"author":1,"featured_media":6704,"parent":0,"menu_order":55,"comment_status":"closed","ping_status":"closed","template":"","meta":{"_acf_changed":false,"footnotes":""},"class_list":["post-6766","page","type-page","status-publish","has-post-thumbnail","hentry"],"acf":[],"yoast_head":"<!-- This site is optimized with the Yoast SEO plugin v27.3 - https:\/\/yoast.com\/product\/yoast-seo-wordpress\/ -->\n<title>Rechtliche Hinweise - Belair<\/title>\n<meta name=\"description\" content=\"Belair - Rechtliche Hinweise\" \/>\n<meta name=\"robots\" content=\"noindex, nofollow\" \/>\n<meta property=\"og:locale\" content=\"de_DE\" \/>\n<meta property=\"og:type\" content=\"article\" \/>\n<meta property=\"og:title\" content=\"Rechtliche Hinweise - Belair\" \/>\n<meta property=\"og:description\" content=\"Belair - Rechtliche Hinweise\" \/>\n<meta property=\"og:url\" content=\"https:\/\/belaircamping.com\/de\/legale-erwaehnungen\/\" \/>\n<meta property=\"og:site_name\" content=\"Belair\" \/>\n<meta property=\"article:publisher\" content=\"https:\/\/www.facebook.com\/campingparadisdomainedebelair\" \/>\n<meta property=\"article:modified_time\" content=\"2024-02-26T15:19:03+00:00\" \/>\n<meta property=\"og:image\" content=\"https:\/\/belaircamping.com\/wp-content\/uploads\/2023\/07\/Camping-Paradis-Chanterelles44_resultat_upscayl_4x_RealESRGAN_General_x4_v3-copie-1-scaled.webp\" \/>\n\t<meta property=\"og:image:width\" content=\"2048\" \/>\n\t<meta property=\"og:image:height\" content=\"546\" \/>\n\t<meta property=\"og:image:type\" content=\"image\/webp\" \/>\n<meta name=\"twitter:card\" content=\"summary_large_image\" \/>\n<meta name=\"twitter:label1\" content=\"Gesch\u00e4tzte Lesezeit\" \/>\n\t<meta name=\"twitter:data1\" content=\"2\u00a0Minuten\" \/>\n<script type=\"application\/ld+json\" class=\"yoast-schema-graph\">{\"@context\":\"https:\\\/\\\/schema.org\",\"@graph\":[{\"@type\":[\"Article\",\"BlogPosting\"],\"@id\":\"https:\\\/\\\/belaircamping.com\\\/de\\\/legale-erwaehnungen\\\/#article\",\"isPartOf\":{\"@id\":\"https:\\\/\\\/belaircamping.com\\\/de\\\/legale-erwaehnungen\\\/\"},\"author\":{\"name\":\"@dmin64\",\"@id\":\"https:\\\/\\\/belaircamping.com\\\/de\\\/#\\\/schema\\\/person\\\/0a18d83f4a776fd150619c03aceb6a37\"},\"headline\":\"Rechtliche Hinweise\",\"datePublished\":\"2023-07-13T14:54:29+00:00\",\"dateModified\":\"2024-02-26T15:19:03+00:00\",\"mainEntityOfPage\":{\"@id\":\"https:\\\/\\\/belaircamping.com\\\/de\\\/legale-erwaehnungen\\\/\"},\"wordCount\":321,\"publisher\":{\"@id\":\"https:\\\/\\\/belaircamping.com\\\/de\\\/#organization\"},\"image\":{\"@id\":\"https:\\\/\\\/belaircamping.com\\\/de\\\/legale-erwaehnungen\\\/#primaryimage\"},\"thumbnailUrl\":\"https:\\\/\\\/belaircamping.com\\\/wp-content\\\/uploads\\\/2023\\\/07\\\/Camping-Paradis-Chanterelles44_resultat_upscayl_4x_RealESRGAN_General_x4_v3-copie-1-scaled.webp\",\"inLanguage\":\"de\"},{\"@type\":\"WebPage\",\"@id\":\"https:\\\/\\\/belaircamping.com\\\/de\\\/legale-erwaehnungen\\\/\",\"url\":\"https:\\\/\\\/belaircamping.com\\\/de\\\/legale-erwaehnungen\\\/\",\"name\":\"Rechtliche Hinweise - Belair\",\"isPartOf\":{\"@id\":\"https:\\\/\\\/belaircamping.com\\\/de\\\/#website\"},\"primaryImageOfPage\":{\"@id\":\"https:\\\/\\\/belaircamping.com\\\/de\\\/legale-erwaehnungen\\\/#primaryimage\"},\"image\":{\"@id\":\"https:\\\/\\\/belaircamping.com\\\/de\\\/legale-erwaehnungen\\\/#primaryimage\"},\"thumbnailUrl\":\"https:\\\/\\\/belaircamping.com\\\/wp-content\\\/uploads\\\/2023\\\/07\\\/Camping-Paradis-Chanterelles44_resultat_upscayl_4x_RealESRGAN_General_x4_v3-copie-1-scaled.webp\",\"datePublished\":\"2023-07-13T14:54:29+00:00\",\"dateModified\":\"2024-02-26T15:19:03+00:00\",\"description\":\"Belair - Rechtliche Hinweise\",\"breadcrumb\":{\"@id\":\"https:\\\/\\\/belaircamping.com\\\/de\\\/legale-erwaehnungen\\\/#breadcrumb\"},\"inLanguage\":\"de\",\"potentialAction\":[{\"@type\":\"ReadAction\",\"target\":[\"https:\\\/\\\/belaircamping.com\\\/de\\\/legale-erwaehnungen\\\/\"]}]},{\"@type\":\"ImageObject\",\"inLanguage\":\"de\",\"@id\":\"https:\\\/\\\/belaircamping.com\\\/de\\\/legale-erwaehnungen\\\/#primaryimage\",\"url\":\"https:\\\/\\\/belaircamping.com\\\/wp-content\\\/uploads\\\/2023\\\/07\\\/Camping-Paradis-Chanterelles44_resultat_upscayl_4x_RealESRGAN_General_x4_v3-copie-1-scaled.webp\",\"contentUrl\":\"https:\\\/\\\/belaircamping.com\\\/wp-content\\\/uploads\\\/2023\\\/07\\\/Camping-Paradis-Chanterelles44_resultat_upscayl_4x_RealESRGAN_General_x4_v3-copie-1-scaled.webp\",\"width\":2048,\"height\":546},{\"@type\":\"BreadcrumbList\",\"@id\":\"https:\\\/\\\/belaircamping.com\\\/de\\\/legale-erwaehnungen\\\/#breadcrumb\",\"itemListElement\":[{\"@type\":\"ListItem\",\"position\":1,\"name\":\"Camping Paradis Domaine de Bel Air\",\"item\":\"https:\\\/\\\/belaircamping.com\\\/de\\\/\"},{\"@type\":\"ListItem\",\"position\":2,\"name\":\"Rechtliche Hinweise\"}]},{\"@type\":\"WebSite\",\"@id\":\"https:\\\/\\\/belaircamping.com\\\/de\\\/#website\",\"url\":\"https:\\\/\\\/belaircamping.com\\\/de\\\/\",\"name\":\"Camping Paradis Domaine de Bel Air\",\"description\":\"\",\"publisher\":{\"@id\":\"https:\\\/\\\/belaircamping.com\\\/de\\\/#organization\"},\"alternateName\":\"Domaine de Bel Air\",\"potentialAction\":[{\"@type\":\"SearchAction\",\"target\":{\"@type\":\"EntryPoint\",\"urlTemplate\":\"https:\\\/\\\/belaircamping.com\\\/de\\\/?s={search_term_string}\"},\"query-input\":{\"@type\":\"PropertyValueSpecification\",\"valueRequired\":true,\"valueName\":\"search_term_string\"}}],\"inLanguage\":\"de\"},{\"@type\":\"Organization\",\"@id\":\"https:\\\/\\\/belaircamping.com\\\/de\\\/#organization\",\"name\":\"Camping Paradis Domaine de Bel Air\",\"alternateName\":\"Camping domaine de Bel Air\",\"url\":\"https:\\\/\\\/belaircamping.com\\\/de\\\/\",\"logo\":{\"@type\":\"ImageObject\",\"inLanguage\":\"de\",\"@id\":\"https:\\\/\\\/belaircamping.com\\\/de\\\/#\\\/schema\\\/logo\\\/image\\\/\",\"url\":\"https:\\\/\\\/belaircamping.com\\\/wp-content\\\/uploads\\\/2023\\\/08\\\/campings-finistere-bel-air.png\",\"contentUrl\":\"https:\\\/\\\/belaircamping.com\\\/wp-content\\\/uploads\\\/2023\\\/08\\\/campings-finistere-bel-air.png\",\"width\":288,\"height\":180,\"caption\":\"Camping Paradis Domaine de Bel Air\"},\"image\":{\"@id\":\"https:\\\/\\\/belaircamping.com\\\/de\\\/#\\\/schema\\\/logo\\\/image\\\/\"},\"sameAs\":[\"https:\\\/\\\/www.facebook.com\\\/campingparadisdomainedebelair\"]},{\"@type\":\"Person\",\"@id\":\"https:\\\/\\\/belaircamping.com\\\/de\\\/#\\\/schema\\\/person\\\/0a18d83f4a776fd150619c03aceb6a37\",\"name\":\"@dmin64\",\"image\":{\"@type\":\"ImageObject\",\"inLanguage\":\"de\",\"@id\":\"https:\\\/\\\/secure.gravatar.com\\\/avatar\\\/c139ef583a0e65260f6808f5628e6eca9fa8608b06e80bc14d5c39d32af667ca?s=96&d=mm&r=g\",\"url\":\"https:\\\/\\\/secure.gravatar.com\\\/avatar\\\/c139ef583a0e65260f6808f5628e6eca9fa8608b06e80bc14d5c39d32af667ca?s=96&d=mm&r=g\",\"contentUrl\":\"https:\\\/\\\/secure.gravatar.com\\\/avatar\\\/c139ef583a0e65260f6808f5628e6eca9fa8608b06e80bc14d5c39d32af667ca?s=96&d=mm&r=g\",\"caption\":\"@dmin64\"},\"sameAs\":[\"https:\\\/\\\/belaircamping.com\"]}]}<\/script>\n<!-- \/ Yoast SEO plugin. -->","yoast_head_json":{"title":"Rechtliche Hinweise - Belair","description":"Belair - Rechtliche Hinweise","robots":{"index":"noindex","follow":"nofollow"},"og_locale":"de_DE","og_type":"article","og_title":"Rechtliche Hinweise - Belair","og_description":"Belair - Rechtliche Hinweise","og_url":"https:\/\/belaircamping.com\/de\/legale-erwaehnungen\/","og_site_name":"Belair","article_publisher":"https:\/\/www.facebook.com\/campingparadisdomainedebelair","article_modified_time":"2024-02-26T15:19:03+00:00","og_image":[{"width":2048,"height":546,"url":"https:\/\/belaircamping.com\/wp-content\/uploads\/2023\/07\/Camping-Paradis-Chanterelles44_resultat_upscayl_4x_RealESRGAN_General_x4_v3-copie-1-scaled.webp","type":"image\/webp"}],"twitter_card":"summary_large_image","twitter_misc":{"Gesch\u00e4tzte Lesezeit":"2\u00a0Minuten"},"schema":{"@context":"https:\/\/schema.org","@graph":[{"@type":["Article","BlogPosting"],"@id":"https:\/\/belaircamping.com\/de\/legale-erwaehnungen\/#article","isPartOf":{"@id":"https:\/\/belaircamping.com\/de\/legale-erwaehnungen\/"},"author":{"name":"@dmin64","@id":"https:\/\/belaircamping.com\/de\/#\/schema\/person\/0a18d83f4a776fd150619c03aceb6a37"},"headline":"Rechtliche Hinweise","datePublished":"2023-07-13T14:54:29+00:00","dateModified":"2024-02-26T15:19:03+00:00","mainEntityOfPage":{"@id":"https:\/\/belaircamping.com\/de\/legale-erwaehnungen\/"},"wordCount":321,"publisher":{"@id":"https:\/\/belaircamping.com\/de\/#organization"},"image":{"@id":"https:\/\/belaircamping.com\/de\/legale-erwaehnungen\/#primaryimage"},"thumbnailUrl":"https:\/\/belaircamping.com\/wp-content\/uploads\/2023\/07\/Camping-Paradis-Chanterelles44_resultat_upscayl_4x_RealESRGAN_General_x4_v3-copie-1-scaled.webp","inLanguage":"de"},{"@type":"WebPage","@id":"https:\/\/belaircamping.com\/de\/legale-erwaehnungen\/","url":"https:\/\/belaircamping.com\/de\/legale-erwaehnungen\/","name":"Rechtliche Hinweise - Belair","isPartOf":{"@id":"https:\/\/belaircamping.com\/de\/#website"},"primaryImageOfPage":{"@id":"https:\/\/belaircamping.com\/de\/legale-erwaehnungen\/#primaryimage"},"image":{"@id":"https:\/\/belaircamping.com\/de\/legale-erwaehnungen\/#primaryimage"},"thumbnailUrl":"https:\/\/belaircamping.com\/wp-content\/uploads\/2023\/07\/Camping-Paradis-Chanterelles44_resultat_upscayl_4x_RealESRGAN_General_x4_v3-copie-1-scaled.webp","datePublished":"2023-07-13T14:54:29+00:00","dateModified":"2024-02-26T15:19:03+00:00","description":"Belair - Rechtliche Hinweise","breadcrumb":{"@id":"https:\/\/belaircamping.com\/de\/legale-erwaehnungen\/#breadcrumb"},"inLanguage":"de","potentialAction":[{"@type":"ReadAction","target":["https:\/\/belaircamping.com\/de\/legale-erwaehnungen\/"]}]},{"@type":"ImageObject","inLanguage":"de","@id":"https:\/\/belaircamping.com\/de\/legale-erwaehnungen\/#primaryimage","url":"https:\/\/belaircamping.com\/wp-content\/uploads\/2023\/07\/Camping-Paradis-Chanterelles44_resultat_upscayl_4x_RealESRGAN_General_x4_v3-copie-1-scaled.webp","contentUrl":"https:\/\/belaircamping.com\/wp-content\/uploads\/2023\/07\/Camping-Paradis-Chanterelles44_resultat_upscayl_4x_RealESRGAN_General_x4_v3-copie-1-scaled.webp","width":2048,"height":546},{"@type":"BreadcrumbList","@id":"https:\/\/belaircamping.com\/de\/legale-erwaehnungen\/#breadcrumb","itemListElement":[{"@type":"ListItem","position":1,"name":"Camping Paradis Domaine de Bel Air","item":"https:\/\/belaircamping.com\/de\/"},{"@type":"ListItem","position":2,"name":"Rechtliche Hinweise"}]},{"@type":"WebSite","@id":"https:\/\/belaircamping.com\/de\/#website","url":"https:\/\/belaircamping.com\/de\/","name":"Camping Paradis Domaine de Bel Air","description":"","publisher":{"@id":"https:\/\/belaircamping.com\/de\/#organization"},"alternateName":"Domaine de Bel Air","potentialAction":[{"@type":"SearchAction","target":{"@type":"EntryPoint","urlTemplate":"https:\/\/belaircamping.com\/de\/?s={search_term_string}"},"query-input":{"@type":"PropertyValueSpecification","valueRequired":true,"valueName":"search_term_string"}}],"inLanguage":"de"},{"@type":"Organization","@id":"https:\/\/belaircamping.com\/de\/#organization","name":"Camping Paradis Domaine de Bel Air","alternateName":"Camping domaine de Bel Air","url":"https:\/\/belaircamping.com\/de\/","logo":{"@type":"ImageObject","inLanguage":"de","@id":"https:\/\/belaircamping.com\/de\/#\/schema\/logo\/image\/","url":"https:\/\/belaircamping.com\/wp-content\/uploads\/2023\/08\/campings-finistere-bel-air.png","contentUrl":"https:\/\/belaircamping.com\/wp-content\/uploads\/2023\/08\/campings-finistere-bel-air.png","width":288,"height":180,"caption":"Camping Paradis Domaine de Bel Air"},"image":{"@id":"https:\/\/belaircamping.com\/de\/#\/schema\/logo\/image\/"},"sameAs":["https:\/\/www.facebook.com\/campingparadisdomainedebelair"]},{"@type":"Person","@id":"https:\/\/belaircamping.com\/de\/#\/schema\/person\/0a18d83f4a776fd150619c03aceb6a37","name":"@dmin64","image":{"@type":"ImageObject","inLanguage":"de","@id":"https:\/\/secure.gravatar.com\/avatar\/c139ef583a0e65260f6808f5628e6eca9fa8608b06e80bc14d5c39d32af667ca?s=96&d=mm&r=g","url":"https:\/\/secure.gravatar.com\/avatar\/c139ef583a0e65260f6808f5628e6eca9fa8608b06e80bc14d5c39d32af667ca?s=96&d=mm&r=g","contentUrl":"https:\/\/secure.gravatar.com\/avatar\/c139ef583a0e65260f6808f5628e6eca9fa8608b06e80bc14d5c39d32af667ca?s=96&d=mm&r=g","caption":"@dmin64"},"sameAs":["https:\/\/belaircamping.com"]}]}},"_links":{"self":[{"href":"https:\/\/belaircamping.com\/de\/wp-json\/wp\/v2\/pages\/6766","targetHints":{"allow":["GET"]}}],"collection":[{"href":"https:\/\/belaircamping.com\/de\/wp-json\/wp\/v2\/pages"}],"about":[{"href":"https:\/\/belaircamping.com\/de\/wp-json\/wp\/v2\/types\/page"}],"author":[{"embeddable":true,"href":"https:\/\/belaircamping.com\/de\/wp-json\/wp\/v2\/users\/1"}],"replies":[{"embeddable":true,"href":"https:\/\/belaircamping.com\/de\/wp-json\/wp\/v2\/comments?post=6766"}],"version-history":[{"count":4,"href":"https:\/\/belaircamping.com\/de\/wp-json\/wp\/v2\/pages\/6766\/revisions"}],"predecessor-version":[{"id":65213,"href":"https:\/\/belaircamping.com\/de\/wp-json\/wp\/v2\/pages\/6766\/revisions\/65213"}],"wp:featuredmedia":[{"embeddable":true,"href":"https:\/\/belaircamping.com\/de\/wp-json\/wp\/v2\/media\/6704"}],"wp:attachment":[{"href":"https:\/\/belaircamping.com\/de\/wp-json\/wp\/v2\/media?parent=6766"}],"curies":[{"name":"wp","href":"https:\/\/api.w.org\/{rel}","templated":true}]}}